{"id":25519,"date":"2018-05-01T19:39:27","date_gmt":"2018-05-01T18:39:27","guid":{"rendered":"http:\/\/www.oldtimer-nrw.net\/wordpress\/?page_id=25519"},"modified":"2018-05-25T22:22:56","modified_gmt":"2018-05-25T21:22:56","slug":"eu-dsvgo","status":"publish","type":"page","link":"https:\/\/www.oldtimer-nrw.net\/wordpress\/eu-dsvgo\/","title":{"rendered":"EU-DSVGO"},"content":{"rendered":"<p>Seit dem 25.05. ist die Datenschutzgrundverordnung (DSGVO) in Kraft getreten. Diese Homepage www.oldtimer-nrw.net ist mein Hobbyprojekt. Sie ist nicht kommerziell und es gibt keinerlei Einnahmen aus Werbung oder Verkauf von Bildern. S\u00e4mtliche Fotos werden von mir kostenlos auf Anfrage an den Eigent\u00fcmer des abgebildetes Fahrzeugs per E-Mail versendet. Ebenso werden Veranstaltungstermine v\u00f6llig kostenlos eingetragen.<\/p>\n<p>Sobald Sie mir eine Nachricht \u00fcber das Kontaktformular senden, werden Ihre Daten nur solange gespeichert wie es zur Bearbeitung, z.B. Bilderversand oder Termineintragung notwendig ist. Anschliessend werden sie sofort gel\u00f6scht. Ebenso versichere ich, dass keine Daten von mir an Dritte weitergegeben werden.<\/p>\n<p>Sollten Nutzer Kommentare auf meiner Website hinterlassen, werden neben diesen Angaben auch der Zeitpunkt ihrer Erstellung und der zuvor durch den Websitebesucher gew\u00e4hlte Nutzername gespeichert. Eine Anzeige oder Speicherung der IP erfolgt nicht. Jeder neue Kommentar muss durch mich freigeschaltet werden.<\/p>\n<p>Sollte sich jemand in seinem Pers\u00f6nlichkeitsrecht verletzt sehen, k\u00f6nnen Fotos auf Anfrage auch gerne komplett von der Homepage und aus dem Archiv gel\u00f6scht werden. Nutzen Sie in allen F\u00e4llen das Kontaktformular. Es gibt f\u00fcr alles eine L\u00f6sung, setzen Sie sich mit mir in Verbindung.<\/p>\n<p>Christian Koch<br \/>\nWebmaster von<br \/>\nwww.oldtimer-nrw.net<\/p>\n","protected":false},"excerpt":{"rendered":"<p>Seit dem 25.05. ist die Datenschutzgrundverordnung (DSGVO) in Kraft getreten. Diese Homepage www.oldtimer-nrw.net ist mein Hobbyprojekt. Sie ist nicht kommerziell und es gibt keinerlei Einnahmen aus Werbung oder Verkauf von Bildern. S\u00e4mtliche Fotos werden von &hellip;<\/p>\n","protected":false},"author":1,"featured_media":0,"parent":0,"menu_order":0,"comment_status":"closed","ping_status":"closed","template":"","meta":{"footnotes":""},"class_list":["post-25519","page","type-page","status-publish","hentry"],"yoast_head":"<!-- This site is optimized with the Yoast SEO plugin v27.4 - https:\/\/yoast.com\/product\/yoast-seo-wordpress\/ -->\n<title>EU-DSVGO - https:\/\/oldtimer-nrw.net<\/title>\n<meta name=\"robots\" content=\"index, follow, max-snippet:-1, max-image-preview:large, max-video-preview:-1\" \/>\n<link rel=\"canonical\" href=\"https:\/\/www.oldtimer-nrw.net\/wordpress\/eu-dsvgo\/\" \/>\n<meta property=\"og:locale\" content=\"de_DE\" \/>\n<meta property=\"og:type\" content=\"article\" \/>\n<meta property=\"og:title\" content=\"EU-DSVGO - https:\/\/oldtimer-nrw.net\" \/>\n<meta property=\"og:description\" content=\"Seit dem 25.05. ist die Datenschutzgrundverordnung (DSGVO) in Kraft getreten. Diese Homepage www.oldtimer-nrw.net ist mein Hobbyprojekt. Sie ist nicht kommerziell und es gibt keinerlei Einnahmen aus Werbung oder Verkauf von Bildern. S\u00e4mtliche Fotos werden von &hellip;\" \/>\n<meta property=\"og:url\" content=\"https:\/\/www.oldtimer-nrw.net\/wordpress\/eu-dsvgo\/\" \/>\n<meta property=\"og:site_name\" content=\"https:\/\/oldtimer-nrw.net\" \/>\n<meta property=\"article:modified_time\" content=\"2018-05-25T21:22:56+00:00\" \/>\n<meta property=\"og:image\" content=\"https:\/\/www.oldtimer-nrw.net\/wordpress\/wp-content\/uploads\/2021\/04\/NRW-Logo-WPTouch_crop_840px.jpg\" \/>\n\t<meta property=\"og:image:width\" content=\"840\" \/>\n\t<meta property=\"og:image:height\" content=\"152\" \/>\n\t<meta property=\"og:image:type\" content=\"image\/jpeg\" \/>\n<meta name=\"twitter:card\" content=\"summary_large_image\" \/>\n<meta name=\"twitter:label1\" content=\"Gesch\u00e4tzte Lesezeit\" \/>\n\t<meta name=\"twitter:data1\" content=\"1\u00a0Minute\" \/>\n<script type=\"application\/ld+json\" class=\"yoast-schema-graph\">{\"@context\":\"https:\\\/\\\/schema.org\",\"@graph\":[{\"@type\":\"WebPage\",\"@id\":\"https:\\\/\\\/www.oldtimer-nrw.net\\\/wordpress\\\/eu-dsvgo\\\/\",\"url\":\"https:\\\/\\\/www.oldtimer-nrw.net\\\/wordpress\\\/eu-dsvgo\\\/\",\"name\":\"EU-DSVGO - https:\\\/\\\/oldtimer-nrw.net\",\"isPartOf\":{\"@id\":\"https:\\\/\\\/www.oldtimer-nrw.net\\\/wordpress\\\/#website\"},\"datePublished\":\"2018-05-01T18:39:27+00:00\",\"dateModified\":\"2018-05-25T21:22:56+00:00\",\"breadcrumb\":{\"@id\":\"https:\\\/\\\/www.oldtimer-nrw.net\\\/wordpress\\\/eu-dsvgo\\\/#breadcrumb\"},\"inLanguage\":\"de\",\"potentialAction\":[{\"@type\":\"ReadAction\",\"target\":[\"https:\\\/\\\/www.oldtimer-nrw.net\\\/wordpress\\\/eu-dsvgo\\\/\"]}]},{\"@type\":\"BreadcrumbList\",\"@id\":\"https:\\\/\\\/www.oldtimer-nrw.net\\\/wordpress\\\/eu-dsvgo\\\/#breadcrumb\",\"itemListElement\":[{\"@type\":\"ListItem\",\"position\":1,\"name\":\"Startseite\",\"item\":\"https:\\\/\\\/www.oldtimer-nrw.net\\\/wordpress\\\/\"},{\"@type\":\"ListItem\",\"position\":2,\"name\":\"EU-DSVGO\"}]},{\"@type\":\"WebSite\",\"@id\":\"https:\\\/\\\/www.oldtimer-nrw.net\\\/wordpress\\\/#website\",\"url\":\"https:\\\/\\\/www.oldtimer-nrw.net\\\/wordpress\\\/\",\"name\":\"https:\\\/\\\/oldtimer-nrw.net\",\"description\":\"Oldtimer * Youngtimer * Motorsport * Tuning\",\"publisher\":{\"@id\":\"https:\\\/\\\/www.oldtimer-nrw.net\\\/wordpress\\\/#\\\/schema\\\/person\\\/fb50b11b23e3a6c83a4fd898edc917d2\"},\"potentialAction\":[{\"@type\":\"SearchAction\",\"target\":{\"@type\":\"EntryPoint\",\"urlTemplate\":\"https:\\\/\\\/www.oldtimer-nrw.net\\\/wordpress\\\/?s={search_term_string}\"},\"query-input\":{\"@type\":\"PropertyValueSpecification\",\"valueRequired\":true,\"valueName\":\"search_term_string\"}}],\"inLanguage\":\"de\"},{\"@type\":[\"Person\",\"Organization\"],\"@id\":\"https:\\\/\\\/www.oldtimer-nrw.net\\\/wordpress\\\/#\\\/schema\\\/person\\\/fb50b11b23e3a6c83a4fd898edc917d2\",\"name\":\"Christian\",\"image\":{\"@type\":\"ImageObject\",\"inLanguage\":\"de\",\"@id\":\"https:\\\/\\\/secure.gravatar.com\\\/avatar\\\/148f254835bad72a5e34fb2e88fd867e0462b5d2a298d42fc7b1ba157f1c2c1d?s=96&d=mm&r=g\",\"url\":\"https:\\\/\\\/secure.gravatar.com\\\/avatar\\\/148f254835bad72a5e34fb2e88fd867e0462b5d2a298d42fc7b1ba157f1c2c1d?s=96&d=mm&r=g\",\"contentUrl\":\"https:\\\/\\\/secure.gravatar.com\\\/avatar\\\/148f254835bad72a5e34fb2e88fd867e0462b5d2a298d42fc7b1ba157f1c2c1d?s=96&d=mm&r=g\",\"caption\":\"Christian\"},\"logo\":{\"@id\":\"https:\\\/\\\/secure.gravatar.com\\\/avatar\\\/148f254835bad72a5e34fb2e88fd867e0462b5d2a298d42fc7b1ba157f1c2c1d?s=96&d=mm&r=g\"},\"sameAs\":[\"https:\\\/\\\/www.oldtimer-nrw.net\"]}]}<\/script>\n<!-- \/ Yoast SEO plugin. -->","yoast_head_json":{"title":"EU-DSVGO - https:\/\/oldtimer-nrw.net","robots":{"index":"index","follow":"follow","max-snippet":"max-snippet:-1","max-image-preview":"max-image-preview:large","max-video-preview":"max-video-preview:-1"},"canonical":"https:\/\/www.oldtimer-nrw.net\/wordpress\/eu-dsvgo\/","og_locale":"de_DE","og_type":"article","og_title":"EU-DSVGO - https:\/\/oldtimer-nrw.net","og_description":"Seit dem 25.05. ist die Datenschutzgrundverordnung (DSGVO) in Kraft getreten. Diese Homepage www.oldtimer-nrw.net ist mein Hobbyprojekt. Sie ist nicht kommerziell und es gibt keinerlei Einnahmen aus Werbung oder Verkauf von Bildern. S\u00e4mtliche Fotos werden von &hellip;","og_url":"https:\/\/www.oldtimer-nrw.net\/wordpress\/eu-dsvgo\/","og_site_name":"https:\/\/oldtimer-nrw.net","article_modified_time":"2018-05-25T21:22:56+00:00","og_image":[{"width":840,"height":152,"url":"https:\/\/www.oldtimer-nrw.net\/wordpress\/wp-content\/uploads\/2021\/04\/NRW-Logo-WPTouch_crop_840px.jpg","type":"image\/jpeg"}],"twitter_card":"summary_large_image","twitter_misc":{"Gesch\u00e4tzte Lesezeit":"1\u00a0Minute"},"schema":{"@context":"https:\/\/schema.org","@graph":[{"@type":"WebPage","@id":"https:\/\/www.oldtimer-nrw.net\/wordpress\/eu-dsvgo\/","url":"https:\/\/www.oldtimer-nrw.net\/wordpress\/eu-dsvgo\/","name":"EU-DSVGO - https:\/\/oldtimer-nrw.net","isPartOf":{"@id":"https:\/\/www.oldtimer-nrw.net\/wordpress\/#website"},"datePublished":"2018-05-01T18:39:27+00:00","dateModified":"2018-05-25T21:22:56+00:00","breadcrumb":{"@id":"https:\/\/www.oldtimer-nrw.net\/wordpress\/eu-dsvgo\/#breadcrumb"},"inLanguage":"de","potentialAction":[{"@type":"ReadAction","target":["https:\/\/www.oldtimer-nrw.net\/wordpress\/eu-dsvgo\/"]}]},{"@type":"BreadcrumbList","@id":"https:\/\/www.oldtimer-nrw.net\/wordpress\/eu-dsvgo\/#breadcrumb","itemListElement":[{"@type":"ListItem","position":1,"name":"Startseite","item":"https:\/\/www.oldtimer-nrw.net\/wordpress\/"},{"@type":"ListItem","position":2,"name":"EU-DSVGO"}]},{"@type":"WebSite","@id":"https:\/\/www.oldtimer-nrw.net\/wordpress\/#website","url":"https:\/\/www.oldtimer-nrw.net\/wordpress\/","name":"https:\/\/oldtimer-nrw.net","description":"Oldtimer * Youngtimer * Motorsport * Tuning","publisher":{"@id":"https:\/\/www.oldtimer-nrw.net\/wordpress\/#\/schema\/person\/fb50b11b23e3a6c83a4fd898edc917d2"},"potentialAction":[{"@type":"SearchAction","target":{"@type":"EntryPoint","urlTemplate":"https:\/\/www.oldtimer-nrw.net\/wordpress\/?s={search_term_string}"},"query-input":{"@type":"PropertyValueSpecification","valueRequired":true,"valueName":"search_term_string"}}],"inLanguage":"de"},{"@type":["Person","Organization"],"@id":"https:\/\/www.oldtimer-nrw.net\/wordpress\/#\/schema\/person\/fb50b11b23e3a6c83a4fd898edc917d2","name":"Christian","image":{"@type":"ImageObject","inLanguage":"de","@id":"https:\/\/secure.gravatar.com\/avatar\/148f254835bad72a5e34fb2e88fd867e0462b5d2a298d42fc7b1ba157f1c2c1d?s=96&d=mm&r=g","url":"https:\/\/secure.gravatar.com\/avatar\/148f254835bad72a5e34fb2e88fd867e0462b5d2a298d42fc7b1ba157f1c2c1d?s=96&d=mm&r=g","contentUrl":"https:\/\/secure.gravatar.com\/avatar\/148f254835bad72a5e34fb2e88fd867e0462b5d2a298d42fc7b1ba157f1c2c1d?s=96&d=mm&r=g","caption":"Christian"},"logo":{"@id":"https:\/\/secure.gravatar.com\/avatar\/148f254835bad72a5e34fb2e88fd867e0462b5d2a298d42fc7b1ba157f1c2c1d?s=96&d=mm&r=g"},"sameAs":["https:\/\/www.oldtimer-nrw.net"]}]}},"_links":{"self":[{"href":"https:\/\/www.oldtimer-nrw.net\/wordpress\/wp-json\/wp\/v2\/pages\/25519","targetHints":{"allow":["GET"]}}],"collection":[{"href":"https:\/\/www.oldtimer-nrw.net\/wordpress\/wp-json\/wp\/v2\/pages"}],"about":[{"href":"https:\/\/www.oldtimer-nrw.net\/wordpress\/wp-json\/wp\/v2\/types\/page"}],"author":[{"embeddable":true,"href":"https:\/\/www.oldtimer-nrw.net\/wordpress\/wp-json\/wp\/v2\/users\/1"}],"replies":[{"embeddable":true,"href":"https:\/\/www.oldtimer-nrw.net\/wordpress\/wp-json\/wp\/v2\/comments?post=25519"}],"version-history":[{"count":0,"href":"https:\/\/www.oldtimer-nrw.net\/wordpress\/wp-json\/wp\/v2\/pages\/25519\/revisions"}],"wp:attachment":[{"href":"https:\/\/www.oldtimer-nrw.net\/wordpress\/wp-json\/wp\/v2\/media?parent=25519"}],"curies":[{"name":"wp","href":"https:\/\/api.w.org\/{rel}","templated":true}]}}